{"id":2,"date":"2017-09-01T09:20:03","date_gmt":"2017-09-01T09:20:03","guid":{"rendered":"https:\/\/paprochy.098.waw.pl\/?page_id=2"},"modified":"2019-02-06T17:41:41","modified_gmt":"2019-02-06T17:41:41","slug":"about","status":"publish","type":"page","link":"https:\/\/paprochy.098.waw.pl\/","title":{"rendered":"Paprochy na Stronach"},"content":{"rendered":"<p><strong>&#8222;PAPROCHY&#8221;<\/strong>. Czemu <strong>&#8222;PAPROCHY&#8221;<\/strong>? <strong>&#8222;PAPROCHY&#8221;<\/strong>, to co\u015b trudnego do usuni\u0119cia. Mikre, ale wciskaj\u0105ce si\u0119 wsz\u0119dzie. Zatykaj\u0105ce, uszczelniaj\u0105ce wolne przestrzenie (duszy). \u015awidruj\u0105ce, powoduj\u0105ce sw\u0119dzenie serca, wn\u0119trza, g\u0142owy&#8230; Trudne, prawie niemo\u017cliwe do wyiskania. Te wierszyd\u0142a, to w\u0142a\u015bnie takie szorstkie, wbijaj\u0105ce si\u0119 w ka\u017cd\u0105 szpar\u0119 Ciebie okruchy mnie. Py\u0142.<br \/>\nSzcz\u0105tki moich prze\u017cy\u0107, spostrze\u017ce\u0144, marze\u0144, my\u015bli. Czasem b\u0142\u0119dnych, ale do b\u0142\u0119d\u00f3w potrafi\u0119 si\u0119 przyzna\u0107. Wi\u0119kszo\u015b\u0107 zasmarowanych jest szar\u0105 mazi\u0105 codzienno\u015bci, w kt\u00f3rej egzystuj\u0119. Pierwsze gorzkie, pe\u0142ne cierpienia, niezrozumienia \u015bwiata. Kontestuj\u0105ce, punkowe (czasem dos\u0142ownie). Chwytam za pi\u00f3ro (bij\u0119 klawisze) przewa\u017cnie, gdy jest mi \u017ale i st\u0105d spora liczba negatywnych rzeczy, uwypuklonych bol\u0105czek. Cho\u0107 z rado\u015bci\u0105 przyznaj\u0119, \u017ce uda\u0142o mi si\u0119 z\u0142apa\u0107 i opisa\u0107 kilka chwil, (zawsze zbyt kr\u00f3tkich!!!) kiedy jestem szcz\u0119\u015bliwy. Jestem!!!<\/p>\n<p><strong>&#8222;PAPROCHY&#8221;<\/strong>, to wi\u0119ksza cz\u0119\u015b\u0107 tego, co napisa\u0142em w ci\u0105gu ostatnich kilku lat. S\u0105 to moje ulubione wierszyd\u0142a ze wszystkich zbiork\u00f3w, kt\u00f3re dot\u0105d wyda\u0142em&#8230; (znajomym). Mo\u017ce nie najlepsze, ale te, kt\u00f3re najbardziej siedz\u0105 we mnie.<\/p>\n<p><strong>&#8222;17.50&#8221;<\/strong> &#8211; Czarne, przygn\u0119biaj\u0105ce. Jeden wielki d\u00f3\u0142 i kilka jask\u00f3\u0142ek.<br \/>\n<strong>&#8222;Pu\u0142apka mi\u0119dzy piek\u0142em, a niebem&#8221;<\/strong> &#8211; Pokr\u0119cone rozwa\u017cania teologiczne na temat: Boga, \u017cycia i \u015bmierci. Troch\u0119 mniejszy d\u00f3\u0142.<br \/>\n<strong>&#8222;Zwariowanie&#8221;<\/strong> &#8211; O trudnej, niespe\u0142nionej mi\u0142o\u015bci i walce o jej spe\u0142nienie. Wed\u0142ug moich kole\u017canek to najlepszy zbiorek, a dla mnie co\u015b, co jest, bo jest (&#8222;m\u0119c\u0105ce&#8221; &#8211; jak powiedzia\u0142aby moja \u00f3wczesna muza).<br \/>\n<strong>&#8222;Wysypisko&#8221;<\/strong> &#8211; Odpady. Wszystko, co nie mie\u015bci\u0142o si\u0119 w ramach powy\u017cszych tytu\u0142\u00f3w, plus rzeczy pisane w\u00f3wczas na bie\u017c\u0105co. Taki ma\u0142y remanent.<br \/>\n<strong>&#8222;Baj-Adrianki&#8221;<\/strong> &#8211; Wierszyki dla mojej c\u00f3reczki i kilka l\u017cejszych tekst\u00f3w. Dla wszystkich i dla nikogo.<br \/>\n<strong>&#8222;Przytulanki&#8221;<\/strong> &#8211; Okoliczno\u015bci\u00f3wki dla moich bliskich. Pewnie nic z nich nie przesi\u0105knie do PAPROCH\u00d3W, bo s\u0105 zbyt indywidualne, osobiste.<br \/>\n<strong>&#8222;Metamorfoza&#8221;<\/strong> &#8211; Przemiana. Nowe \u017cycie i nowy, wreszcie \u017cywy cz\u0142owiek wiedz\u0105cy, czego chce i dok\u0105d d\u0105\u017cy. Pierwszy raz podpisany nie BiP TKIN, a po prostu BiP. (To wa\u017cne) Dzi\u0119kuj\u0119 S\u0142oneczko!!!<br \/>\n<strong>&#8222;Agnieszka&#8221;<\/strong> &#8211; Wiara, nadzieja i mi\u0142o\u015b\u0107. Niekoniecznie s\u0142odko, cho\u0107 to&#8230; NAJSZCZ\u0118\u015aLIWSZY OKRES MOJEGO \u017bYCIA!!!<br \/>\n<strong>&#8222;Wyje bananie, bo nie-bo nie&#8221;<\/strong> &#8211; Co\u015b szczeg\u00f3lnego&#8230;<\/p>\n<p>To wszystko sk\u0142ada si\u0119 na <strong>PA-PROCHY<\/strong> &#8211; wierszyd\u0142a, kt\u00f3re masz przed sob\u0105. Troch\u0119 g\u0142\u0119biej to tak\u017ce po\u017cegnanie: Pa! Do widzenia narkotyku! (Narkotyku duszy!!!) Prochy, to tak\u017ce to, co zostaje po \u017cyciu. <strong>PAPROCHY<\/strong>, to prochy, kt\u00f3re zostan\u0105 po mnie i ciesz\u0119 si\u0119, \u017ce co\u015b po sobie zostawi\u0119. Pa! &#8211; Ciep\u0142e po\u017cegnanie. Wszystko swoje miejsce ma i czas&#8230;<br \/>\nW ka\u017cdym z nas&#8230; Je\u015bli chcesz mnie pozna\u0107, pozna\u0107 kilka historii mego \u017cycia, podaj r\u0119k\u0119. Jestem got\u00f3w&#8230; A Ty?<\/p>\n<p>Bogdan Prusisz <strong>BiP<\/strong><\/p>\n<p><img decoding=\"async\" src=\"https:\/\/paprochy.098.waw.pl\/przod_okladki.jpg\" alt=\"Obrazek ok\u0142adki tomika wierszyde\u0142\" \/><\/p>\n","protected":false},"excerpt":{"rendered":"<p>&#8222;PAPROCHY&#8221;. Czemu &#8222;PAPROCHY&#8221;? &#8222;PAPROCHY&#8221;, to co\u015b trudnego do usuni\u0119cia. Mikre, ale wciskaj\u0105ce si\u0119 wsz\u0119dzie. Zatykaj\u0105ce, uszczelniaj\u0105ce wolne przestrzenie (duszy). \u015awidruj\u0105ce, powoduj\u0105ce sw\u0119dzenie serca, wn\u0119trza, g\u0142owy&#8230; Trudne, prawie niemo\u017cliwe do wyiskania. Te wierszyd\u0142a, to w\u0142a\u015bnie takie szorstkie, wbijaj\u0105ce si\u0119 w ka\u017cd\u0105 szpar\u0119 Ciebie okruchy mnie. Py\u0142. Szcz\u0105tki moich prze\u017cy\u0107, spostrze\u017ce\u0144, marze\u0144, my\u015bli. Czasem b\u0142\u0119dnych, ale do &hellip; <\/p>\n<p class=\"link-more\"><a href=\"https:\/\/paprochy.098.waw.pl\/\" class=\"more-link\">Czytaj dalej<span class=\"screen-reader-text\"> Paprochy na Stronach<\/span><\/a><\/p>\n","protected":false},"author":1,"featured_media":0,"parent":0,"menu_order":0,"comment_status":"open","ping_status":"open","template":"","meta":{"footnotes":""},"_links":{"self":[{"href":"https:\/\/paprochy.098.waw.pl\/index.php?rest_route=\/wp\/v2\/pages\/2"}],"collection":[{"href":"https:\/\/paprochy.098.waw.pl\/index.php?rest_route=\/wp\/v2\/pages"}],"about":[{"href":"https:\/\/paprochy.098.waw.pl\/index.php?rest_route=\/wp\/v2\/types\/page"}],"author":[{"embeddable":true,"href":"https:\/\/paprochy.098.waw.pl\/index.php?rest_route=\/wp\/v2\/users\/1"}],"replies":[{"embeddable":true,"href":"https:\/\/paprochy.098.waw.pl\/index.php?rest_route=%2Fwp%2Fv2%2Fcomments&post=2"}],"version-history":[{"count":13,"href":"https:\/\/paprochy.098.waw.pl\/index.php?rest_route=\/wp\/v2\/pages\/2\/revisions"}],"predecessor-version":[{"id":271,"href":"https:\/\/paprochy.098.waw.pl\/index.php?rest_route=\/wp\/v2\/pages\/2\/revisions\/271"}],"wp:attachment":[{"href":"https:\/\/paprochy.098.waw.pl\/index.php?rest_route=%2Fwp%2Fv2%2Fmedia&parent=2"}],"curies":[{"name":"wp","href":"https:\/\/api.w.org\/{rel}","templated":true}]}}